{"id":2334,"date":"2014-11-28T15:07:22","date_gmt":"2014-11-28T15:07:22","guid":{"rendered":"http:\/\/themes.muffingroup.com\/be\/blogger\/?page_id=2"},"modified":"2024-02-22T20:26:06","modified_gmt":"2024-02-22T20:26:06","slug":"home","status":"publish","type":"page","link":"https:\/\/xn--riedl-fensterlden-3qb.de\/","title":{"rendered":"Home"},"content":{"rendered":"\t\t<div data-elementor-type=\"wp-page\" data-elementor-id=\"2334\" class=\"elementor elementor-2334\">\n\t\t\t\t\t\t<section class=\"elementor-section elementor-top-section elementor-element elementor-element-e1ed73c elementor-section-boxed elementor-section-height-default elementor-section-height-default\" data-id=\"e1ed73c\" data-element_type=\"section\" data-e-type=\"section\">\n\t\t\t\t\t\t<div class=\"elementor-container elementor-column-gap-wide\">\n\t\t\t\t\t<div class=\"elementor-column elementor-col-33 elementor-top-column elementor-element elementor-element-6412e2e\" data-id=\"6412e2e\" data-element_type=\"column\" data-e-type=\"column\">\n\t\t\t<div class=\"elementor-widget-wrap elementor-element-populated\">\n\t\t\t\t\t\t<div class=\"elementor-element elementor-element-c20e892 elementor-invisible elementor-widget elementor-widget-heading\" data-id=\"c20e892\" data-element_type=\"widget\" data-e-type=\"widget\" data-settings=\"{&quot;_animation&quot;:&quot;fadeIn&quot;}\" data-widget_type=\"heading.default\">\n\t\t\t\t<div class=\"elementor-widget-container\">\n\t\t\t\t\t<h2 class=\"elementor-heading-title elementor-size-default\">Showroom\/ Beraten<\/h2>\t\t\t\t<\/div>\n\t\t\t\t<\/div>\n\t\t\t\t<div class=\"elementor-element elementor-element-9c98df8 elementor-widget elementor-widget-text-editor\" data-id=\"9c98df8\" data-element_type=\"widget\" data-e-type=\"widget\" data-widget_type=\"text-editor.default\">\n\t\t\t\t<div class=\"elementor-widget-container\">\n\t\t\t\t\t\t\t\t\t<p>In unserem Showroom pr\u00e4sentieren wir Ihnen Fensterl\u00e4den-Modelle, sowie dazugeh\u00f6rige Oberfl\u00e4chen und Beschlagsysteme. Gewinnen Sie in kurzer Zeit einen umfassenden \u00dcberblick \u00fcber den aktuellen Stand der Fensterladentechnik. Haben Sie schon Vorstellungen bez\u00fcglich Design und Technik &#8211; wir beraten Sie l\u00f6sungsorientiert.<\/p>\t\t\t\t\t\t\t\t<\/div>\n\t\t\t\t<\/div>\n\t\t\t\t\t<\/div>\n\t\t<\/div>\n\t\t\t\t<div class=\"elementor-column elementor-col-33 elementor-top-column elementor-element elementor-element-5a051de\" data-id=\"5a051de\" data-element_type=\"column\" data-e-type=\"column\">\n\t\t\t<div class=\"elementor-widget-wrap elementor-element-populated\">\n\t\t\t\t\t\t<div class=\"elementor-element elementor-element-ab9ac1c elementor-invisible elementor-widget elementor-widget-heading\" data-id=\"ab9ac1c\" data-element_type=\"widget\" data-e-type=\"widget\" data-settings=\"{&quot;_animation&quot;:&quot;fadeIn&quot;}\" data-widget_type=\"heading.default\">\n\t\t\t\t<div class=\"elementor-widget-container\">\n\t\t\t\t\t<h2 class=\"elementor-heading-title elementor-size-default\">      Planen<\/h2>\t\t\t\t<\/div>\n\t\t\t\t<\/div>\n\t\t\t\t<div class=\"elementor-element elementor-element-cab74fc elementor-widget elementor-widget-text-editor\" data-id=\"cab74fc\" data-element_type=\"widget\" data-e-type=\"widget\" data-widget_type=\"text-editor.default\">\n\t\t\t\t<div class=\"elementor-widget-container\">\n\t\t\t\t\t\t\t\t\t<p>Wir unterst\u00fctzen Sie bei der Detailplanung Ihrer individuellen W\u00fcnsche. Viele bereits realisierte Objekte und Sonderanfertigungen haben unser Fachwissen und unser Auge f\u00fcr das kleinste Detail gesch\u00e4rft. Diesen Erfahrungsschatz m\u00f6chten wir mit Ihnen teilen.\u00a0<\/p>\t\t\t\t\t\t\t\t<\/div>\n\t\t\t\t<\/div>\n\t\t\t\t\t<\/div>\n\t\t<\/div>\n\t\t\t\t<div class=\"elementor-column elementor-col-33 elementor-top-column elementor-element elementor-element-8dfd299\" data-id=\"8dfd299\" data-element_type=\"column\" data-e-type=\"column\">\n\t\t\t<div class=\"elementor-widget-wrap elementor-element-populated\">\n\t\t\t\t\t\t<div class=\"elementor-element elementor-element-82d941c elementor-invisible elementor-widget elementor-widget-heading\" data-id=\"82d941c\" data-element_type=\"widget\" data-e-type=\"widget\" data-settings=\"{&quot;_animation&quot;:&quot;fadeIn&quot;}\" data-widget_type=\"heading.default\">\n\t\t\t\t<div class=\"elementor-widget-container\">\n\t\t\t\t\t<h2 class=\"elementor-heading-title elementor-size-default\">Ausf\u00fchren <\/h2>\t\t\t\t<\/div>\n\t\t\t\t<\/div>\n\t\t\t\t<div class=\"elementor-element elementor-element-a78d43d elementor-widget elementor-widget-text-editor\" data-id=\"a78d43d\" data-element_type=\"widget\" data-e-type=\"widget\" data-widget_type=\"text-editor.default\">\n\t\t\t\t<div class=\"elementor-widget-container\">\n\t\t\t\t\t\t\t\t\t<p>Mehrfach ausgezeichnetes Personal und nur zertifiziertes Material kommen bei der Montage ihrer Fensterl\u00e4den zum Einsatz. Daf\u00fcr stehen wir seit \u00fcber 25 Jahren mit unserem Namen.\u00a0<\/p>\t\t\t\t\t\t\t\t<\/div>\n\t\t\t\t<\/div>\n\t\t\t\t\t<\/div>\n\t\t<\/div>\n\t\t\t\t\t<\/div>\n\t\t<\/section>\n\t\t\t\t<section class=\"elementor-section elementor-top-section elementor-element elementor-element-8483491 elementor-section-boxed elementor-section-height-default elementor-section-height-default\" data-id=\"8483491\" data-element_type=\"section\" data-e-type=\"section\">\n\t\t\t\t\t\t<div class=\"elementor-container elementor-column-gap-default\">\n\t\t\t\t\t<div class=\"elementor-column elementor-col-100 elementor-top-column elementor-element elementor-element-ab334f0\" data-id=\"ab334f0\" data-element_type=\"column\" data-e-type=\"column\">\n\t\t\t<div class=\"elementor-widget-wrap elementor-element-populated\">\n\t\t\t\t\t\t<div class=\"elementor-element elementor-element-0ae1024 elementor-widget elementor-widget-spacer\" data-id=\"0ae1024\" data-element_type=\"widget\" data-e-type=\"widget\" data-widget_type=\"spacer.default\">\n\t\t\t\t<div class=\"elementor-widget-container\">\n\t\t\t\t\t\t\t<div class=\"elementor-spacer\">\n\t\t\t<div class=\"elementor-spacer-inner\"><\/div>\n\t\t<\/div>\n\t\t\t\t\t\t<\/div>\n\t\t\t\t<\/div>\n\t\t\t\t\t<\/div>\n\t\t<\/div>\n\t\t\t\t\t<\/div>\n\t\t<\/section>\n\t\t\t\t<\/div>\n\t\t","protected":false},"excerpt":{"rendered":"<p>Showroom\/ Beraten In unserem Showroom pr\u00e4sentieren wir Ihnen Fensterl\u00e4den-Modelle, sowie dazugeh\u00f6rige Oberfl\u00e4chen und Beschlagsysteme. Gewinnen Sie in kurzer Zeit einen umfassenden \u00dcberblick \u00fcber den aktuellen Stand<span class=\"excerpt-hellip\"> [\u2026]<\/span><\/p>\n","protected":false},"author":1,"featured_media":0,"parent":0,"menu_order":0,"comment_status":"open","ping_status":"open","template":"elementor_theme","meta":{"footnotes":""},"class_list":["post-2334","page","type-page","status-publish","hentry"],"_links":{"self":[{"href":"https:\/\/xn--riedl-fensterlden-3qb.de\/index.php?rest_route=\/wp\/v2\/pages\/2334","targetHints":{"allow":["GET"]}}],"collection":[{"href":"https:\/\/xn--riedl-fensterlden-3qb.de\/index.php?rest_route=\/wp\/v2\/pages"}],"about":[{"href":"https:\/\/xn--riedl-fensterlden-3qb.de\/index.php?rest_route=\/wp\/v2\/types\/page"}],"author":[{"embeddable":true,"href":"https:\/\/xn--riedl-fensterlden-3qb.de\/index.php?rest_route=\/wp\/v2\/users\/1"}],"replies":[{"embeddable":true,"href":"https:\/\/xn--riedl-fensterlden-3qb.de\/index.php?rest_route=%2Fwp%2Fv2%2Fcomments&post=2334"}],"version-history":[{"count":47,"href":"https:\/\/xn--riedl-fensterlden-3qb.de\/index.php?rest_route=\/wp\/v2\/pages\/2334\/revisions"}],"predecessor-version":[{"id":2505,"href":"https:\/\/xn--riedl-fensterlden-3qb.de\/index.php?rest_route=\/wp\/v2\/pages\/2334\/revisions\/2505"}],"wp:attachment":[{"href":"https:\/\/xn--riedl-fensterlden-3qb.de\/index.php?rest_route=%2Fwp%2Fv2%2Fmedia&parent=2334"}],"curies":[{"name":"wp","href":"https:\/\/api.w.org\/{rel}","templated":true}]}}