{"id":2459,"date":"2020-05-12T19:11:00","date_gmt":"2020-05-12T19:11:00","guid":{"rendered":"http:\/\/xn--riedl-fensterlden-3qb.de\/?page_id=2459"},"modified":"2022-05-03T08:40:15","modified_gmt":"2022-05-03T08:40:15","slug":"kontakt","status":"publish","type":"page","link":"https:\/\/xn--riedl-fensterlden-3qb.de\/?page_id=2459","title":{"rendered":"Kontakt"},"content":{"rendered":"\t\t<div data-elementor-type=\"wp-page\" data-elementor-id=\"2459\" class=\"elementor elementor-2459\">\n\t\t\t\t\t\t<section class=\"elementor-section elementor-top-section elementor-element elementor-element-25f25438 elementor-section-boxed elementor-section-height-default elementor-section-height-default\" data-id=\"25f25438\" data-element_type=\"section\" data-e-type=\"section\">\n\t\t\t\t\t\t<div class=\"elementor-container elementor-column-gap-default\">\n\t\t\t\t\t<div class=\"elementor-column elementor-col-100 elementor-top-column elementor-element elementor-element-1a1ad0cf\" data-id=\"1a1ad0cf\" data-element_type=\"column\" data-e-type=\"column\">\n\t\t\t<div class=\"elementor-widget-wrap elementor-element-populated\">\n\t\t\t\t\t\t<div class=\"elementor-element elementor-element-379fdcff elementor-widget elementor-widget-text-editor\" data-id=\"379fdcff\" data-element_type=\"widget\" data-e-type=\"widget\" data-widget_type=\"text-editor.default\">\n\t\t\t\t<div class=\"elementor-widget-container\">\n\t\t\t\t\t\t\t\t\t<p><\/p>\n<h2 class=\"wp-block-heading\">Riedl Fensterl\u00e4den<\/h2>\n<p><\/p>\n<p><\/p>\n<p>Blickfang Fensterladen<\/p>\n<p><\/p>\n<p><\/p>\n<p>Goethestra\u00dfe 7<br \/>64380 Ro\u00dfdorf Gundernhausen<\/p>\n<p><\/p>\n<p><\/p>\n<p>Telefon: <a href=\"tel:06071-71400\">06071-71400<\/a><\/p>\n<p>Fax: 06071-609528<\/p>\n<p>E-Mail: info@riedl-fensterladen.de<\/p>\n<p><\/p>\n<p><p><\/p>\n<div class=\"wpcf7 no-js\" id=\"wpcf7-f9-o1\" lang=\"de-DE\" dir=\"ltr\" data-wpcf7-id=\"9\">\n<div class=\"screen-reader-response\">\n<p role=\"status\" aria-live=\"polite\" aria-atomic=\"true\">\n<ul><\/ul>\n<\/div>\n<form action=\"\/index.php?rest_route=%2Fwp%2Fv2%2Fpages%2F2459#wpcf7-f9-o1\" method=\"post\" class=\"wpcf7-form init\" aria-label=\"Kontaktformular\" enctype=\"multipart\/form-data\" novalidate=\"novalidate\" data-status=\"init\">\n<fieldset class=\"hidden-fields-container\"><input type=\"hidden\" name=\"_wpcf7\" value=\"9\" \/><input type=\"hidden\" name=\"_wpcf7_version\" value=\"6.1.5\" \/><input type=\"hidden\" name=\"_wpcf7_locale\" value=\"de_DE\" \/><input type=\"hidden\" name=\"_wpcf7_unit_tag\" value=\"wpcf7-f9-o1\" \/><input type=\"hidden\" name=\"_wpcf7_container_post\" value=\"0\" \/><input type=\"hidden\" name=\"_wpcf7_posted_data_hash\" value=\"\" \/><br \/>\n<\/fieldset>\n<p><label> Ihr Name (Pflichtfeld)<br \/>\n<span class=\"wpcf7-form-control-wrap\" data-name=\"your-name\"><input size=\"40\" maxlength=\"400\" class=\"wpcf7-form-control wpcf7-text wpcf7-validates-as-required\" aria-required=\"true\" aria-invalid=\"false\" value=\"\" type=\"text\" name=\"your-name\" \/><\/span> <\/label>\n<\/p>\n<p><label> Ihre E-Mail-Adresse (Pflichtfeld)<br \/>\n<span class=\"wpcf7-form-control-wrap\" data-name=\"your-email\"><input size=\"40\" maxlength=\"400\" class=\"wpcf7-form-control wpcf7-email wpcf7-validates-as-required wpcf7-text wpcf7-validates-as-email\" aria-required=\"true\" aria-invalid=\"false\" value=\"\" type=\"email\" name=\"your-email\" \/><\/span> <\/label>\n<\/p>\n<p><label> Betreff<br \/>\n<span class=\"wpcf7-form-control-wrap\" data-name=\"your-subject\"><input size=\"40\" maxlength=\"400\" class=\"wpcf7-form-control wpcf7-text\" aria-invalid=\"false\" value=\"\" type=\"text\" name=\"your-subject\" \/><\/span> <\/label>\n<\/p>\n<p><label> Ihre Nachricht<br \/>\n<span class=\"wpcf7-form-control-wrap\" data-name=\"your-message\"><textarea cols=\"40\" rows=\"10\" maxlength=\"2000\" class=\"wpcf7-form-control wpcf7-textarea\" aria-invalid=\"false\" name=\"your-message\"><\/textarea><\/span> <\/label>\n<\/p>\n<p><label> Anhang<br \/>\n<span class=\"wpcf7-form-control-wrap\" data-name=\"file-552\"><input size=\"40\" class=\"wpcf7-form-control wpcf7-file\" accept=\".pdf,.jpeg,.jpg,.png\" aria-invalid=\"false\" type=\"file\" name=\"file-552\" \/><\/span> <\/label>\n<\/p>\n<p><input class=\"wpcf7-form-control wpcf7-submit has-spinner\" type=\"submit\" value=\"Senden\" \/>\n<\/p>\n<div class=\"wpcf7-response-output\" aria-hidden=\"true\"><\/div>\n<\/form>\n<\/div>\n<p><\/p>\n<\/p>\n<p><\/p>\n<p><\/p>\t\t\t\t\t\t\t\t<\/div>\n\t\t\t\t<\/div>\n\t\t\t\t\t<\/div>\n\t\t<\/div>\n\t\t\t\t\t<\/div>\n\t\t<\/section>\n\t\t\t\t<\/div>\n\t\t","protected":false},"excerpt":{"rendered":"<p>Riedl Fensterl\u00e4den Blickfang Fensterladen Goethestra\u00dfe 764380 Ro\u00dfdorf Gundernhausen Telefon: 06071-71400 Fax: 06071-609528 E-Mail: info@riedl-fensterladen.de<\/p>\n","protected":false},"author":1,"featured_media":0,"parent":0,"menu_order":0,"comment_status":"closed","ping_status":"closed","template":"","meta":{"footnotes":""},"class_list":["post-2459","page","type-page","status-publish","hentry"],"_links":{"self":[{"href":"https:\/\/xn--riedl-fensterlden-3qb.de\/index.php?rest_route=\/wp\/v2\/pages\/2459","targetHints":{"allow":["GET"]}}],"collection":[{"href":"https:\/\/xn--riedl-fensterlden-3qb.de\/index.php?rest_route=\/wp\/v2\/pages"}],"about":[{"href":"https:\/\/xn--riedl-fensterlden-3qb.de\/index.php?rest_route=\/wp\/v2\/types\/page"}],"author":[{"embeddable":true,"href":"https:\/\/xn--riedl-fensterlden-3qb.de\/index.php?rest_route=\/wp\/v2\/users\/1"}],"replies":[{"embeddable":true,"href":"https:\/\/xn--riedl-fensterlden-3qb.de\/index.php?rest_route=%2Fwp%2Fv2%2Fcomments&post=2459"}],"version-history":[{"count":16,"href":"https:\/\/xn--riedl-fensterlden-3qb.de\/index.php?rest_route=\/wp\/v2\/pages\/2459\/revisions"}],"predecessor-version":[{"id":2707,"href":"https:\/\/xn--riedl-fensterlden-3qb.de\/index.php?rest_route=\/wp\/v2\/pages\/2459\/revisions\/2707"}],"wp:attachment":[{"href":"https:\/\/xn--riedl-fensterlden-3qb.de\/index.php?rest_route=%2Fwp%2Fv2%2Fmedia&parent=2459"}],"curies":[{"name":"wp","href":"https:\/\/api.w.org\/{rel}","templated":true}]}}